{"id":101,"date":"2026-03-07T19:13:54","date_gmt":"2026-03-07T18:13:54","guid":{"rendered":"https:\/\/patrycjagolba.xaa.pl\/?page_id=101"},"modified":"2026-03-07T19:29:43","modified_gmt":"2026-03-07T18:29:43","slug":"najczesciej-zadawane-pytania","status":"publish","type":"page","link":"https:\/\/patrycjagolba.xaa.pl\/index.php\/najczesciej-zadawane-pytania\/","title":{"rendered":"Najcz\u0119\u015bciej zadawane pytania"},"content":{"rendered":"<h5 style=\"text-align: center;\"><span style=\"color: #ff0000;\"><strong>1. Czy trzeba by\u0107 pe\u0142noletnim ?<\/strong><\/span><\/h5>\n<p><strong>Tak, pe\u0142noletno\u015b\u0107 jest obowi\u0105zkowa, tak samo jak posiadanie dowodu osobistego, obywatelstwa polskiego i mieszka\u0107 na terenie Polski.<\/strong><\/p>\n<p>&nbsp;<\/p>\n<h5><\/h5>\n<h5 style=\"text-align: center;\"><span style=\"color: #ff0000;\"><strong>\u00a02. Czy jest jaka\u015b umow<\/strong><\/span><strong style=\"color: #ff0000;\">a ?<\/strong><\/h5>\n<p><strong>Tak, mamy umow\u0119 cywilnoprawn\u0105. Nie jest ona zobowi\u0105zuj\u0105ca i mo\u017cesz z niej w ka\u017cdym momencie zrezygnowa\u0107. Taki rodzaj umowy nie zapewnia nam sk\u0142adek emerytalnych, rentowych ani zdrowotnych. Jest ona tylko podstaw\u0105 do wyp\u0142aty wynagrodzenia. Umow\u0119 zawierasz drog\u0105 elektroniczn\u0105 podczas rejestracji, akceptuj\u0105c regulamin programu partnerskiego.<\/strong><\/p>\n<p>&nbsp;<\/p>\n<p>&nbsp;<\/p>\n<h5 style=\"text-align: center;\"><span style=\"color: #ff0000;\"><strong>3. Czy trzeba rozlicza\u0107 si\u0119 z Urz\u0119dem Skarbowym ? <\/strong><\/span><\/h5>\n<h6><strong>Tak, dlatego, bo jest to praca legalna. Rozliczamy si\u0119 z ka\u017cdego wp\u0142ywu na konto raz w miesi\u0105cu. Form\u0119 rozliczania mo\u017cemy sobie wybra\u0107 samemu. Mo\u017ce to by\u0107 na zasadach og\u00f3lnych i wtedy oddajemy 17% podatku od zarobionych pieni\u0119dzy b\u0105d\u017a rycza\u0142tem 8,5%. Najcz\u0119\u015bciej wybieramy form\u0119 rycza\u0142t, ale o tym mowa dok\u0142adnie w 7 etapie, kiedy ju\u017c zarabiasz wi\u0119ksze pieni\u0105dze<\/strong><\/h6>\n<h6><strong>NIE ZOSTAJESZ Z TYM SAM\/A JA WSZYSTKO DOK\u0141ADNIE POWIEM JAK B\u0118DZIE TRZEBA SI\u0118 ROZLICZA\u0106<\/strong><\/h6>\n<h6><\/h6>\n<h6><strong>\u00a0<\/strong><\/h6>\n<h5><\/h5>\n<h5 style=\"text-align: center;\"><span style=\"color: #ff0000;\"><strong>4. Czy program jest legalny?<\/strong><\/span><\/h5>\n<p><strong>Tak, w\u0142a\u015bcicielem serwisu, do kt\u00f3rego si\u0119 rejestrujemy, jest program partnerski Comperialead, kt\u00f3ry nale\u017cy do sp\u00f3\u0142ki Copmeria.pl S.A. z siedzib\u0105 w Warszawie.<\/strong><\/p>\n<p>&nbsp;<\/p>\n<p>&nbsp;<\/p>\n<h5><\/h5>\n<h5><\/h5>\n<h5 style=\"text-align: center;\"><span style=\"color: #ff0000;\"><strong>5. <\/strong><strong>Pracuje na pe\u0142en etat, czy t\u0105 prac\u0119 mog\u0119 traktowa\u0107 jako dodatkow\u0105?<\/strong><\/span><\/h5>\n<p><strong>Je\u015bli pracujesz na etat, jak najbardziej mo\u017cesz sobie tutaj dorabia\u0107<\/strong><\/p>\n<h6><span style=\"color: #ff0000;\"><strong>Mog\u0105 tutaj pracowa\u0107 osoby:<\/strong><\/span><br \/>\n<strong>\u2013 pracuj\u0105ce na etacie,<\/strong><br \/>\n<strong>\u2013 b\u0119d\u0105ce na urlopie macierzy\u0144skim b\u0105d\u017a wychowawczym,<\/strong><br \/>\n<strong>\u2013 osoby ubezpieczone w KRUS,<\/strong><br \/>\n<strong>\u2013 osoby zarejestrowane w urz\u0119dzie pracy, lecz nie pobieraj\u0105ce zasi\u0142ku (tzw. kuroni\u00f3wki)<\/strong><\/h6>\n<h6><strong><span style=\"color: #ff0000;\">Nie mog\u0105 pracowa\u0107 osoby:<\/span><\/strong><br \/>\n<strong>\u2013 b\u0119d\u0105ce na L4 (zawsze mo\u017cna przetrzyma\u0107 i nie wyp\u0142aca\u0107 pieni\u0119dzy przez okres zwolnienia, mo\u017cna sobie sk\u0142ada\u0107 bo dop\u00f3ki pieni\u0105dze nie zostan\u0105 wyp\u0142acone na konto to tak jak by\u015b nigdzie nie pracowa\u0142\/a, jest te\u017c opcja zarejestrowania konta na kogo\u015b innego np. cz\u0142onka rodziny<\/strong><br \/>\n<strong>\u2013 osoby pobieraj\u0105ce zasi\u0142ki typu( na niepe\u0142nosprawnego cz\u0142onka rodziny, renty rodzinne, czy renty chorobowe) \u2013 w tej sytuacji powinny si\u0119 dowiedzie\u0107 u \u017ar\u00f3d\u0142a czy mog\u0105 sobie dorobi\u0107, bo jest mo\u017cliwo\u015b\u0107 dorobienia do pewnej kwoty \u2026<\/strong><br \/>\n<strong>\u2013 osoby, kt\u00f3re s\u0105 zad\u0142u\u017cone ( maj\u0105 komornika na koncie)<\/strong><\/h6>\n<p>&nbsp;<\/p>\n<p>&nbsp;<\/p>\n<h5><\/h5>\n<h5><\/h5>\n<h5 style=\"text-align: center;\"><span style=\"color: #ff0000;\"><strong>6. Czy mog\u0119 zrezygnowa\u0107 w dowolnym momencie?<\/strong><\/span><\/h5>\n<h6><strong>Tak, nie ma tutaj okresu wypowiedzenia, jak w przypadku umowy o prac\u0119, ani nie jeste\u015b z niczym zobowi\u0105zany. Je\u015bli zdecydujesz, \u017ce chcesz zrezygnowa\u0107, mo\u017cesz to zrobi\u0107 w ka\u017cdej chwili, usuwaj\u0105c swoje konto z panelu.<\/strong><\/h6>\n<p>&nbsp;<\/p>\n<p>&nbsp;<\/p>\n<h5><\/h5>\n<h5 style=\"text-align: center;\"><span style=\"color: #ff0000;\"><strong>7. Kiedy dostaj\u0119 wyp\u0142at\u0119?<\/strong><\/span><\/h5>\n<h6><strong>Wynagrodzenie jest przelewane raz w miesi\u0105cu na wskazane przez Ciebie konto bankowe.<\/strong><\/h6>\n<p>&nbsp;<\/p>\n<p>&nbsp;<\/p>\n<h6><\/h6>\n<h5 style=\"text-align: center;\"><span style=\"color: #ff0000;\"><strong>8. Jak\u0105 mam pewno\u015b\u0107, \u017ce otrzymam pieni\u0105dze?<\/strong><\/span><\/h5>\n<h6><strong>Program partnerski, z kt\u00f3rym wsp\u00f3\u0142pracujemy istnieje od 2008r &#8211; jest to firma zarejestrowana i w 100% wyp\u0142acalna, na podstawie zawartej umowy. Dowody przelew\u00f3w znajduj\u0105 si\u0119 w 1 etapie w zak\u0142adce &#8222;Moje wyniki&#8221;<\/strong><\/h6>\n<p>&nbsp;<\/p>\n<p>&nbsp;<\/p>\n<h6><\/h6>\n<h5 style=\"text-align: center;\"><span style=\"color: #ff0000;\"><strong>9. Czy trzeba bra\u0107 po\u017cyczki \/ kredyty ? <\/strong><\/span><\/h5>\n<h6 style=\"text-align: center;\"><strong><\/strong>Absolutnie NIE!!<\/h6>\n<h6><strong>Wiem, \u017ce s\u0105 projekty, w kt\u00f3rych trzeba je bra\u0107, ale u nas NA PEWNO nie b\u0119dziesz musia\u0142\/a\u00a0<\/strong><\/h6>\n<p>&nbsp;<\/p>\n<h5 style=\"text-align: center;\"><span style=\"color: #ff0000;\"><strong>10. Jak wygl\u0105daj\u0105 kolejne etapy?\u00a0<\/strong><\/span><\/h5>\n<h6 style=\"text-align: center;\"><strong><span style=\"color: #ff0000;\">Etap 1<\/span> : Przedstawiam Ci dok\u0142adanie na czym polega praca. Zapoznajesz si\u0119 z regulaminem oraz robimy 1 krok, aby by\u0107 bli\u017cej sukcesu \u2013 mianowicie rejestrujemy si\u0119 do programu partnerskiego, na kt\u00f3rym p\u00f3\u017aniej dzia\u0142amy\u00a0<\/strong><\/h6>\n<h6 style=\"text-align: center;\"><strong><\/strong><strong>&#8230;<\/strong><\/h6>\n<h6><strong><span style=\"color: #ff0000;\"> Etap 2<\/span> : Kolejny etap polega na zapoznaniu si\u0119 od \u015brodka z prac\u0105. Zaczynasz tutaj z moj\u0105 pomoc\u0105 uczy\u0107 si\u0119 jak wype\u0142niamy wnioski o konta bankowe.\u00a0<\/strong><\/h6>\n<h6 style=\"text-align: center;\"><strong>&#8230;<\/strong><\/h6>\n<h6><strong><span style=\"color: #ff0000;\"> Etap 3-5<\/span> : Zapoznajesz si\u0119 z programem partnerskim i uczysz si\u0119 porusza\u0107 po platformie. Tutaj zaczynasz zarabia\u0107 ju\u017c pieni\u0105dze na sw\u00f3j portfel i swoj\u0105 pierwsz\u0105 wyp\u0142at\u0119 w comperialead.<\/strong><\/h6>\n<h6 style=\"text-align: center;\"><strong>&#8230;<\/strong><\/h6>\n<h6><strong><span style=\"color: #ff0000;\">Etap 6-7<\/span> :\u00a0To ostatnie etapy i docierasz do mety\u00a0 Zaczynasz zarabia\u0107 ju\u017c wi\u0119ksze pieni\u0105dze, poprzez prac\u0119 z innymi lud\u017ami. Wszystkie potrzebne do tego umiej\u0119tno\u015bci nabywasz przechodz\u0105c etap po etapie, dzi\u0119ki mojej pomocy a przede wszystkim wiary w siebie \u2013 pami\u0119taj:\u00a0\u201aRozw\u00f3j przychodzi z czasem, daj go te\u017c sobie\u2019.<\/strong><\/h6>\n<p>&nbsp;<\/p>\n<h5><\/h5>\n<div>\n<div>\n<h5 style=\"text-align: center;\"><span style=\"color: #ff0000;\"><strong>11. Ile mog\u0119 zarobi\u0107 w Waszym Programie Partnerskim?<\/strong><\/span><\/h5>\n<h6><strong>W ComperiaLead nie ma \u017cadnych limit\u00f3w! \ud83d\ude42 Wydawcy zarabiaj\u0105 od 5 z\u0142 do nawet 200 000 z\u0142 miesi\u0119cznie! Wszystko zale\u017cy od Twojego zaanga\u017cowania.<\/strong><\/h6>\n<\/div>\n<\/div>\n<p>&nbsp;<\/p>\n<h5><\/h5>\n<h5 style=\"text-align: center;\"><span style=\"color: #ff0000;\"><strong>12. Czy praca polega na polecaniu produkt\u00f3w?<\/strong><\/span><\/h5>\n<h6><span> T<strong>ak, dzia\u0142amy w afiliacji, czyli tzw. zarabianie przez polecanie. Polecanie nie polega na nagabywaniu do zakupu danego produktu, tak jak ma to miejsce w MLM. Polecanie polega na wskazaniu potencjalnemu Klientowi drogi do produktu, lub us\u0142ugi, kt\u00f3rych poszukuje. Poleca\u0107 mo\u017cna w Internecie, kt\u00f3ry daje nam ogromne i sprawdzone mo\u017cliwo\u015bci. Opanowanie tych metod i tajnik\u00f3w, jak i gdzie dok\u0142adnie to robi\u0107, aby by\u0142o to efektywne, nie jest trudne, nauczysz si\u0119 tego podczas szkolenia oraz otrzymasz gotowe materia\u0142y.<\/strong><\/span><\/h6>\n<h5 style=\"text-align: center;\"><strong><span style=\"color: #ff0000;\"> Dodatkowo!<\/span><\/strong><\/h5>\n<h6><strong> Bez polecania masz mo\u017cliwo\u015b\u0107 jednorazowego zarobku ok 2000 z\u0142 dzi\u0119ki uko\u0144czeniu szkolenia. Systematyczne i wy\u017csze zarobki mamy dzi\u0119ki polecaniu. Jest mo\u017cliwo\u015b\u0107 spr\u00f3bowania i gdy dojdziesz do 6 etapu, gdzie zaczynamy w\u0142a\u015bnie prac\u0119 przez polecanie, b\u0119dziesz mie\u0107 mo\u017cliwo\u015b\u0107 podj\u0119cia decyzji, czy chcesz kontynuowa\u0107, czy rezygnujesz. Nie ma tutaj \u017cadnego wk\u0142adu, wi\u0119c nie ma nic do stracenia, a wr\u0119cz przeciwnie, tak jak by\u0142o wspomniane wy\u017cej, na wcze\u015bniejszych etapach mo\u017cna ju\u017c zarobi\u0107.<\/strong><\/h6>\n<h5><\/h5>\n<h5><\/h5>\n<h5><\/h5>\n<h5><\/h5>\n<p>&nbsp;<\/p>\n<p>&nbsp;<\/p>\n<p>&nbsp;<\/p>\n<p>&nbsp;<\/p>\n","protected":false},"excerpt":{"rendered":"<p>1. Czy trzeba by\u0107 pe\u0142noletnim ? Tak, pe\u0142noletno\u015b\u0107 jest obowi\u0105zkowa, tak samo jak posiadanie dowodu osobistego, obywatelstwa polskiego i mieszka\u0107 na terenie Polski. &nbsp; \u00a02. Czy jest jaka\u015b umowa ? Tak, mamy umow\u0119 cywilnoprawn\u0105. Nie jest ona zobowi\u0105zuj\u0105ca i mo\u017cesz z niej w ka\u017cdym momencie zrezygnowa\u0107. Taki rodzaj umowy nie<a class=\"moretag\" href=\"https:\/\/patrycjagolba.xaa.pl\/index.php\/najczesciej-zadawane-pytania\/\"> Read more<\/a><\/p>\n","protected":false},"author":1,"featured_media":0,"parent":0,"menu_order":0,"comment_status":"closed","ping_status":"closed","template":"","meta":{"footnotes":""},"class_list":["post-101","page","type-page","status-publish","hentry"],"_links":{"self":[{"href":"https:\/\/patrycjagolba.xaa.pl\/index.php\/wp-json\/wp\/v2\/pages\/101","targetHints":{"allow":["GET"]}}],"collection":[{"href":"https:\/\/patrycjagolba.xaa.pl\/index.php\/wp-json\/wp\/v2\/pages"}],"about":[{"href":"https:\/\/patrycjagolba.xaa.pl\/index.php\/wp-json\/wp\/v2\/types\/page"}],"author":[{"embeddable":true,"href":"https:\/\/patrycjagolba.xaa.pl\/index.php\/wp-json\/wp\/v2\/users\/1"}],"replies":[{"embeddable":true,"href":"https:\/\/patrycjagolba.xaa.pl\/index.php\/wp-json\/wp\/v2\/comments?post=101"}],"version-history":[{"count":10,"href":"https:\/\/patrycjagolba.xaa.pl\/index.php\/wp-json\/wp\/v2\/pages\/101\/revisions"}],"predecessor-version":[{"id":112,"href":"https:\/\/patrycjagolba.xaa.pl\/index.php\/wp-json\/wp\/v2\/pages\/101\/revisions\/112"}],"wp:attachment":[{"href":"https:\/\/patrycjagolba.xaa.pl\/index.php\/wp-json\/wp\/v2\/media?parent=101"}],"curies":[{"name":"wp","href":"https:\/\/api.w.org\/{rel}","templated":true}]}}