{"id":144,"date":"2026-03-10T19:24:53","date_gmt":"2026-03-10T18:24:53","guid":{"rendered":"https:\/\/patrycjagolba.xaa.pl\/?page_id=144"},"modified":"2026-03-10T19:24:56","modified_gmt":"2026-03-10T18:24:56","slug":"etap-3-bonus-od-bankow","status":"publish","type":"page","link":"https:\/\/patrycjagolba.xaa.pl\/index.php\/etap-3-bonus-od-bankow\/","title":{"rendered":"Etap 3 &#8211; Bonus od bank\u00f3w"},"content":{"rendered":"<h6><strong>Poni\u017cej zamie\u015bci\u0142am warunki jakie musisz spe\u0142ni\u0107, aby otrzyma\u0107 bonusy z niekt\u00f3rych bank\u00f3w, w kt\u00f3rych za\u0142o\u017cyli\u015bcie konta. Warunki s\u0105 bardzo proste do spe\u0142nienia. Szkoda by by\u0142o z nich nie skorzysta\u0107, skoro masz ju\u017c za\u0142o\u017cone te konta <span class=\"html-span xexx8yu xyri2b x18d9i69 x1c1uobl x1hl2dhg x16tdsg8 x1vvkbs x3nfvp2 x1j61x8r x1fcty0u xdj266r xat24cr xm2jcoa x1mpyi22 xxymvpz xlup9mm x1kky2od\"><img decoding=\"async\" height=\"16\" width=\"16\" class=\"xz74otr x15mokao x1ga7v0g x16uus16 xbiv7yw\" alt=\"\ud83d\ude42\" referrerpolicy=\"origin-when-cross-origin\" src=\"https:\/\/static.xx.fbcdn.net\/images\/emoji.php\/v9\/t4c\/1\/16\/1f642.png\" \/><\/span> Je\u015bli chodzi o przelewy, mo\u017ce to by\u0107 przelew z konta na konto cho\u0107by na chwil\u0119. Gdyby\u015b mia\u0142\/a jaki\u015b problem, albo co\u015b by\u0142oby nie jasne jestem do Twojej dyspozycji <span class=\"html-span xexx8yu xyri2b x18d9i69 x1c1uobl x1hl2dhg x16tdsg8 x1vvkbs x3nfvp2 x1j61x8r x1fcty0u xdj266r xat24cr xm2jcoa x1mpyi22 xxymvpz xlup9mm x1kky2od\"><img decoding=\"async\" height=\"16\" width=\"16\" class=\"xz74otr x15mokao x1ga7v0g x16uus16 xbiv7yw\" alt=\"\ud83d\ude42\" referrerpolicy=\"origin-when-cross-origin\" src=\"https:\/\/static.xx.fbcdn.net\/images\/emoji.php\/v9\/t4c\/1\/16\/1f642.png\" \/><\/span> Pami\u0119taj dok\u0142adnie czyta\u0107 co musisz zrobi\u0107.<\/strong><\/h6>\n<p>&nbsp;<\/p>\n<h6 style=\"text-align: center;\"><strong>Zanotuj to sobie w zeszycie lub skopiuj, poniewa\u017c kampanie zmieniaj\u0105 si\u0119 co chwil\u0119, wi\u0119c i ja b\u0119d\u0119 aktualizowa\u0107 t\u0119 stron\u0119 na bie\u017c\u0105co!<\/strong><\/h6>\n<p>&nbsp;<\/p>\n<h6><strong>I pami\u0119taj jeste\u015b tutaj po to, \u017ceby zarabia\u0107. Pieni\u0105dze nie spadn\u0105 Tobie z nieba, one le\u017c\u0105 na ziemi, trzeba je tylko podnie\u015b\u0107!!<\/strong><\/h6>\n<p>&nbsp;<\/p>\n<p style=\"text-align: center;\"><img fetchpriority=\"high\" decoding=\"async\" src=\"https:\/\/patrycjagolba.xaa.pl\/wp-content\/uploads\/2026\/03\/199178850810-300x188.jpg\" alt=\"\" width=\"300\" height=\"188\" class=\"alignnone size-medium wp-image-62 aligncenter\" srcset=\"https:\/\/patrycjagolba.xaa.pl\/wp-content\/uploads\/2026\/03\/199178850810-300x188.jpg 300w, https:\/\/patrycjagolba.xaa.pl\/wp-content\/uploads\/2026\/03\/199178850810-768x481.jpg 768w, https:\/\/patrycjagolba.xaa.pl\/wp-content\/uploads\/2026\/03\/199178850810.jpg 830w\" sizes=\"(max-width: 300px) 100vw, 300px\" \/><strong><span style=\"color: #ff0000;\">Jak zgarn\u0105\u0107 do 1000z\u0142?<\/span><\/strong><\/p>\n<h6 style=\"text-align: center;\"><strong><span style=\"color: #000000;\">Do 600z\u0142 zwrotu na konto \/maks 100z\u0142 miesi\u0119cznie przez 6 kolejnych miesi\u0119cy\/<\/span><\/strong><\/h6>\n<p style=\"text-align: center;\"><span>0z\u0142 za obr\u0105czk\u0119 p\u0142atnicz\u0105 o warto\u015bci 400z\u0142<\/span><\/p>\n<p style=\"text-align: center;\"><strong><span style=\"color: #ff0000;\">Co mo\u017cesz zyska\u0107??<\/span><\/strong><\/p>\n<p style=\"text-align: center;\"><span><strong>Miesi\u0119cznie zwracamy 5% (maksymalnie 100 z\u0142)<\/strong> warto\u015bci transakcji bezgot\u00f3wkowych. W ca\u0142ym okresie promocji <strong>mo\u017cesz otrzyma\u0107 do 600 z\u0142 zwrotu<\/strong>. Zwrot otrzymasz na swoje konto<\/span><\/p>\n<p>&nbsp;<\/p>\n<h6 style=\"text-align: center;\"><strong><span style=\"color: #ff0000;\">Jak skorzysta\u0107 z promocji?<\/span><\/strong><\/h6>\n<p style=\"text-align: center;\"><span><strong>Otw\u00f3rz <span style=\"color: #ff0000;\">Konto Przekorzystne<\/span> z kart\u0105 do konta<\/strong> (je\u015bli nie posiadasz \u2013 otw\u00f3rz r\u00f3wnie\u017c bankowo\u015b\u0107 elektroniczn\u0105 Pekao24, aplikacj\u0119 PeoPay) oraz wyra\u017a zgod\u0119 na otrzymywanie informacji handlowej za po\u015brednictwem \u015brodk\u00f3w komunikacji elektronicznej (np. SMS, e-mail, MMS, system bankowo\u015bci elektronicznej)*.<\/span><\/p>\n<p>&nbsp;<\/p>\n<p style=\"text-align: center;\"><span>Spe\u0142nij poni\u017csze warunki i zyskaj do 600 z\u0142 zwrotu za wydatki podr\u00f3\u017cne.<\/span><\/p>\n<p>&nbsp;<\/p>\n<p style=\"text-align: center;\"><span>W ka\u017cdym z 6 kolejnych miesi\u0119cy po przyst\u0105pieniu do promocji:<\/span><\/p>\n<p>&nbsp;<\/p>\n<ul>\n<li><span>zapewniaj \u0142\u0105czne wp\u0142ywy w wysoko\u015bci min. 1000 z\u0142 (wyj\u0105tkiem jest miesi\u0105c przyst\u0105pienia i nast\u0119pny \u2013 wtedy wp\u0142yw 1000 z\u0142 liczymy \u0142\u0105cznie dla tych dw\u00f3ch miesi\u0119cy),<\/span><\/li>\n<li><span>wykonuj p\u0142atno\u015bci kart\u0105 do konta lub Kart\u0105 Kredytow\u0105 z \u017bubrem RRSO 17,91%: w Polsce w punktach stacjonarnych, jak i internetowych \u2013 stacjach benzynowych, hotelach, restauracjach i biurach podr\u00f3\u017cy oraz p\u0142a\u0107 tymi kartami za granic\u0105 \u2013 zaliczymy p\u0142atno\u015bci bezgot\u00f3wkowe wykonane za granic\u0105 (za wyj\u0105tkiem korzystania z us\u0142ugi DCC, transakcji BLIK i przelew\u00f3w na kart\u0119 Revolut)<\/span><\/li>\n<li><span>utrzymaj zgody marketingowe.<\/span><\/li>\n<\/ul>\n<p>&nbsp;<\/p>\n<p style=\"text-align: center;\">Konto z kart\u0105 debetow\u0105 mo\u017cesz otworzy\u0107 (pami\u0119taj, aby zrobi\u0107 to tego samego dnia):<\/p>\n<p>&nbsp;<\/p>\n<ul>\n<li><span>Loguj\u0105c si\u0119 do serwisu<span style=\"color: #ff0000;\"> Pekao24<\/span>\/aplikacji mobilnej PeoPay,<\/span><\/li>\n<li><span>w naszej <span style=\"color: #ff0000;\">dowolnej plac\u00f3wce<\/span><\/span><\/li>\n<li><span> na infolinii naszego banku.<\/span><\/li>\n<\/ul>\n<p>&nbsp;<\/p>\n<p style=\"text-align: center;\"><span>Promocja dla klient\u00f3w, kt\u00f3rzy od 1.06.2023 r. do 29.05.2025 r. nie posiadali w banku konta i na dzie\u0144 przyst\u0105pienia do promocji posiadaj\u0105 inne produkty wskazane w <span style=\"color: #ff0000;\">Regulaminie Promocji<\/span> \u201ePodr\u00f3\u017cuj z Bankiem Pekao\u201d. W ramach promocji bank wyp\u0142aci na konto klienta nagrod\u0119, odpowiadaj\u0105c\u0105 5% warto\u015bci transakcji bezgot\u00f3wkowych (do 100 z\u0142 miesi\u0119cznie przez okres 6 kolejnych miesi\u0119cy) wykonanych kart\u0105 do konta lub kart\u0105 kredytow\u0105 w: hotelach, restauracjach, biurach podr\u00f3\u017cy, na stacjach benzynowych w Polsce oraz wszystkich wykonanych zagranic\u0105 po spe\u0142nieniu warunk\u00f3w promocji. Promocja obowi\u0105zuje do 30.09.2025 r. Szczeg\u00f3\u0142owe informacje oraz harmonogram wyp\u0142aty nagr\u00f3d znajdziesz w regulaminie promocji.<\/span><\/p>\n<p style=\"text-align: center;\"><span>RRSO \u2013 rzeczywista roczna stopa oprocentowania. Kalkulacja na 03.07.2025 r. na reprezentatywnym przyk\u0142adzie. Bank wydaje kart\u0119 po ocenie zdolno\u015bci kredytowej. Pe\u0142ne informacje dotycz\u0105ce karty kredytowej z obowi\u0105zuj\u0105c\u0105 Taryf\u0105 prowizji i op\u0142at, a tak\u017ce definicje us\u0142ug reprezentatywnych powi\u0105zanych z kart\u0105 kredytow\u0105 znajdziesz na <\/span><span role=\"gridcell\"><a class=\"x1i10hfl xjbqb8w x1ejq31n x18oe1m7 x1sy0etr xstzfhl x972fbf x10w94by x1qhh985 x14e42zd x9f619 x1ypdohk xt0psk2 x3ct3a4 xdj266r x14z9mp xat24cr x1lziwak xexx8yu xyri2b x18d9i69 x1c1uobl x16tdsg8 xggy1nq x1a2a7pz x1s688f x1heor9g x1bvjpef xujl8zx\" href=\"http:\/\/www.pekao.com.pl\/karta-z-zubrem\" rel=\"noreferrer noopener nofollow\" role=\"link\" target=\"_blank\" tabindex=\"0\">www.pekao.com.pl\/karta-z-zubrem<\/a><\/span><\/p>\n<p style=\"text-align: center;\">*<span>Zgody udzielisz samodzielnie w aplikacji PeoPay: wybierz Profil &gt;&gt; Ustawienia &gt;&gt; Zgody i o\u015bwiadczenia, w serwisie Pekao24: wybierz Ustawienia &gt;&gt; Zgody i o\u015bwiadczenia lub w oddziale). Zgody s\u0105 dobrowolne i mo\u017cesz je wycofa\u0107 w aplikacji PeoPay, w serwisie Pekao24 i oddziale. Cofni\u0119cie zgody pozostaje bez wp\u0142ywu na zgodno\u015b\u0107 z prawem przetwarzania, kt\u00f3rego dokonano na podstawie zgody przed jej cofni\u0119ciem.<\/span><\/p>\n<p>&nbsp;<\/p>\n<p style=\"text-align: center;\"><strong><span>Zr\u00f3b min. 5 transakcji bezgot\u00f3wkowych kart\u0105 do konta w ka\u017cdym z 3 miesi\u0119cy nast\u0119puj\u0105cych po miesi\u0105cu od za\u0142o\u017cenia konta, a po trzech miesi\u0105cach otrzymasz 150 z\u0142 w prezencie.<\/span><\/strong><\/p>\n<p style=\"text-align: center;\"><strong><span>Termin wyp\u0142aty nagr\u00f3d zale\u017cy od dnia przyst\u0105pienia do promocji. <\/span><\/strong><\/p>\n<p>&nbsp;<\/p>\n<p><img decoding=\"async\" src=\"https:\/\/patrycjagolba.xaa.pl\/wp-content\/uploads\/2026\/03\/fa_santander_pv_pos_rgb-300x107.jpg\" alt=\"\" width=\"300\" height=\"107\" class=\"alignnone size-medium wp-image-64 aligncenter\" srcset=\"https:\/\/patrycjagolba.xaa.pl\/wp-content\/uploads\/2026\/03\/fa_santander_pv_pos_rgb-300x107.jpg 300w, https:\/\/patrycjagolba.xaa.pl\/wp-content\/uploads\/2026\/03\/fa_santander_pv_pos_rgb-1024x366.jpg 1024w, https:\/\/patrycjagolba.xaa.pl\/wp-content\/uploads\/2026\/03\/fa_santander_pv_pos_rgb-768x275.jpg 768w, https:\/\/patrycjagolba.xaa.pl\/wp-content\/uploads\/2026\/03\/fa_santander_pv_pos_rgb-1536x549.jpg 1536w, https:\/\/patrycjagolba.xaa.pl\/wp-content\/uploads\/2026\/03\/fa_santander_pv_pos_rgb-2048x733.jpg 2048w\" sizes=\"(max-width: 300px) 100vw, 300px\" \/><\/p>\n<p><span>1. Do 31 lipca 2025 r. z\u0142\u00f3\u017c wniosek o otwarcie konta z kart\u0105 debetow\u0105 oraz us\u0142ugami Santander online i podczas sk\u0142adania wniosku wyra\u017a zgod\u0119 na przyst\u0105pienie do promocji, zaakceptuj regulamin oraz pozosta\u0142e wymagane zgody. Zawrzyj umow\u0119 o te produkty do 10 dnia miesi\u0105ca nast\u0119puj\u0105cego po miesi\u0105cu z\u0142o\u017cenia wniosku.<\/span><\/p>\n<p><span>2.<\/span><\/p>\n<p><strong><span>150 z\u0142 w pierwszym etapie<\/span><\/strong><\/p>\n<p><span>Nagrod\u0119 otrzymasz, je\u015bli w pierwszym i w drugim miesi\u0105cu nast\u0119puj\u0105cych po miesi\u0105cu, w kt\u00f3rym z\u0142o\u017cysz wniosek, spe\u0142nisz \u0142\u0105cznie poni\u017csze warunki:<\/span><\/p>\n<p>&nbsp;<\/p>\n<ul>\n<li><span>zapewnisz min. 1000 z\u0142 wp\u0142ywu na konto otwarte w promocji,<\/span><\/li>\n<li><span>wykonasz min. jeden przelew na numer telefonu BLIK,<\/span><\/li>\n<li><span>wykonasz p\u0142atno\u015bci kart\u0105 debetow\u0105 na \u0142\u0105czn\u0105 kwot\u0119 min. 50 z\u0142. <\/span><\/li>\n<\/ul>\n<p>3<\/p>\n<p><strong><span>150 z\u0142 w drugim etapie<\/span><\/strong><\/p>\n<p><span>Nagrod\u0119 otrzymasz, je\u015bli w trzecim i czwartym miesi\u0105cu nast\u0119puj\u0105cych po miesi\u0105cu, w kt\u00f3rym z\u0142o\u017cysz wniosek, spe\u0142nisz \u0142\u0105cznie poni\u017csze warunki:<\/span><\/p>\n<ul>\n<li><span>zapewnisz min. 1000 z\u0142 wp\u0142ywu na konto otwarte w promocji,<\/span><\/li>\n<li><span>wykonasz min. jeden przelew na numer telefonu BLIK,<\/span><\/li>\n<li><span>wykonasz p\u0142atno\u015bci kart\u0105 debetow\u0105 na \u0142\u0105czn\u0105 kwot\u0119 min. 50 z\u0142.\u00a0<\/span><\/li>\n<\/ul>\n<p>&nbsp;<\/p>\n<p><img loading=\"lazy\" decoding=\"async\" src=\"https:\/\/patrycjagolba.xaa.pl\/wp-content\/uploads\/2026\/03\/bnp-logo-e1661506441102-1024x640-1-300x188.jpg\" alt=\"\" width=\"300\" height=\"188\" class=\"alignnone size-medium wp-image-63 aligncenter\" srcset=\"https:\/\/patrycjagolba.xaa.pl\/wp-content\/uploads\/2026\/03\/bnp-logo-e1661506441102-1024x640-1-300x188.jpg 300w, https:\/\/patrycjagolba.xaa.pl\/wp-content\/uploads\/2026\/03\/bnp-logo-e1661506441102-1024x640-1-768x480.jpg 768w, https:\/\/patrycjagolba.xaa.pl\/wp-content\/uploads\/2026\/03\/bnp-logo-e1661506441102-1024x640-1.jpg 1024w\" sizes=\"(max-width: 300px) 100vw, 300px\" \/><\/p>\n<p>&nbsp;<\/p>\n<h6>Jak mog\u0119 otrzyma\u0107 nagrody w promocji \u201eFala nagr\u00f3d\u201d aktywuj\u0105c kart\u0119 w:<\/h6>\n<pre><span>14.07-31.07.2025\r\n\r\n<\/span><\/pre>\n<p><span>Zarejestruj si\u0119 w promocji<\/span><\/p>\n<p style=\"text-align: center;\"><span>Uzupe\u0142niam Formularz rejestracyjny. Mog\u0119 to zrobi\u0107 do<strong>15.09.2025 r.<\/strong> lub do wyczerpania puli <strong>4000 rejestracji<\/strong><\/span><\/p>\n<p><span>Zawieram umow\u0119 o konto osobiste z kart\u0105 i dost\u0119pem do bankowo\u015bci elektronicznej poprzez link. Mo\u017cesz to zrobi\u0107 w aplikacji GOmobile lub przez Internet.<\/span><\/p>\n<p><strong><span>ZYSKAJ 200Z\u0142<\/span><\/strong><\/p>\n<p><span>Do 31.07.2025 r.:<\/span><\/p>\n<ul>\n<li><span>podpisz\u0119 umow\u0119,<\/span><\/li>\n<li><span>koniecznie Aktywuj\u0119 Kart\u0119,<\/span><\/li>\n<\/ul>\n<p><strong>ZYSKAJ 150Z\u0142<\/strong><\/p>\n<p><span>W sierpniu i wrze\u015bniu 2025 r.<\/span><\/p>\n<p><span>po spe\u0142nieniu warunk\u00f3w do otrzymania 1. nagrody:<\/span><\/p>\n<ul>\n<li><span>otrzymam Wp\u0142yw\/y na \u0142\u0105czn\u0105 kwot\u0119 min. 1000 z\u0142,<\/span><\/li>\n<li><span>wykonam min. 4 Transakcje bezgot\u00f3wkowe kart\u0105 na dowoln\u0105 kwot\u0119 <\/span><\/li>\n<\/ul>\n<p><strong>ZYSKAJ 300Z\u0141<\/strong><\/p>\n<p><span>W pa\u017adzierniku i listopadzie 2025 r. <\/span><\/p>\n<p><span>po spe\u0142nieniu warunk\u00f3w do otrzymania 2. nagrody:<\/span><\/p>\n<p><span>\u2022 otrzymam Wp\u0142yw\/y na \u0142\u0105czn\u0105 kwot\u0119 min. 1000 z\u0142<\/span><\/p>\n<p><span>\u2022 wykonam min. 4 Transakcje bezgot\u00f3wkowe kart\u0105 na dowoln\u0105 kwot\u0119<\/span><\/p>\n<p>&nbsp;<\/p>\n<p><img loading=\"lazy\" decoding=\"async\" src=\"https:\/\/patrycjagolba.xaa.pl\/wp-content\/uploads\/2026\/03\/Logo-Alior-Bank-SVG.svg_-300x300.png\" alt=\"\" width=\"300\" height=\"300\" class=\"alignnone size-medium wp-image-61 aligncenter\" srcset=\"https:\/\/patrycjagolba.xaa.pl\/wp-content\/uploads\/2026\/03\/Logo-Alior-Bank-SVG.svg_-300x300.png 300w, https:\/\/patrycjagolba.xaa.pl\/wp-content\/uploads\/2026\/03\/Logo-Alior-Bank-SVG.svg_-1024x1024.png 1024w, https:\/\/patrycjagolba.xaa.pl\/wp-content\/uploads\/2026\/03\/Logo-Alior-Bank-SVG.svg_-150x150.png 150w, https:\/\/patrycjagolba.xaa.pl\/wp-content\/uploads\/2026\/03\/Logo-Alior-Bank-SVG.svg_-768x768.png 768w, https:\/\/patrycjagolba.xaa.pl\/wp-content\/uploads\/2026\/03\/Logo-Alior-Bank-SVG.svg_-1536x1536.png 1536w, https:\/\/patrycjagolba.xaa.pl\/wp-content\/uploads\/2026\/03\/Logo-Alior-Bank-SVG.svg_-2048x2048.png 2048w\" sizes=\"(max-width: 300px) 100vw, 300px\" \/><\/p>\n<p style=\"text-align: center;\"><span style=\"color: #ff0000;\"><strong>JAK ZYSKA\u0106 1200Z\u0141??<\/strong><\/span><\/p>\n<p><strong>Do 800 z\u0142 za aktywne bankowanie<\/strong><\/p>\n<p><span>Z\u0142\u00f3\u017c wniosek o Alior Konto z kart\u0105. Pami\u0119taj, aby podczas sk\u0142adania wniosku wyrazi\u0107 zgod\u0119 marketingow\u0105 i nie odwo\u0142a\u0107 jej do dnia przekazania nagrody. W ci\u0105gu 21 dni od zawarcia umowy o konto i kart\u0119 potwierd\u017a ch\u0119\u0107 udzia\u0142u w promocji i wype\u0142ni\u0142 formularz rejestracyjny w aplikacji Alior Mobile.<\/span><\/p>\n<ul>\n<li><span><strong>100 z\u0142<\/strong> za otwarcie Alior Konta z kart\u0105 w <span style=\"color: #ff0000;\"><span style=\"color: #000000;\">aplikacji<\/span> Alior Mobile.<\/span><\/span><\/li>\n<li><span><b>\u00a0500 z\u0142 <\/b>(100 z\u0142 przez kolejne 5 miesi\u0119cy) je\u017celi spe\u0142nisz w danym miesi\u0105cu nast\u0119puj\u0105ce warunk<\/span><\/li>\n<\/ul>\n<p>&#8211; <span>wykonasz 10 transakcji kart\u0105 na dowoln\u0105 kwot\u0119,<\/span><\/p>\n<p>&#8211; <span>zapewnisz jednorazowy wp\u0142yw na kwot\u0119 min. 1 000 z\u0142,<\/span><\/p>\n<p>&#8211; <span>zalogujesz si\u0119 do Alior Mobile\u00a0<\/span><\/p>\n<ul>\n<li><span>100 z\u0142 za dodanie karty do Portfela Cyfrowego (np. Google Pay, Apple Pay, Garmin Pay) i wykonanie co najmniej 1 transakcji za pomoc\u0105 Portfela Cyfrowego (w ci\u0105gu 2 miesi\u0119cy od zawarcia umowy o konto i kart\u0119).<\/span><\/li>\n<li><span>100 z\u0142 na rocznic\u0119 bankowania z nami \u2013 je\u015bli spe\u0142nisz warunki aktywnego korzystania z konta w poprzednich miesi\u0105cach.<\/span><\/li>\n<\/ul>\n<p><span>Szczeg\u00f3\u0142y w <span style=\"color: #ff0000;\">Regulaminie sprzeda\u017cy premiowej \u201eBankuj z Alior Kontem\u201d.<\/span> Wniosek w ramach sprzeda\u017cy premiowej \u201eBankuj z Alior Kontem\u201d mo\u017cesz z\u0142o\u017cy\u0107 od 16.06.2025 r. do 31.10.2025 r<\/span><\/p>\n<p><img loading=\"lazy\" decoding=\"async\" src=\"https:\/\/patrycjagolba.xaa.pl\/wp-content\/uploads\/2026\/03\/bonus-do-800-300x300.webp\" alt=\"\" width=\"300\" height=\"300\" class=\"alignnone size-medium wp-image-145 aligncenter\" srcset=\"https:\/\/patrycjagolba.xaa.pl\/wp-content\/uploads\/2026\/03\/bonus-do-800-300x300.webp 300w, https:\/\/patrycjagolba.xaa.pl\/wp-content\/uploads\/2026\/03\/bonus-do-800-150x150.webp 150w, https:\/\/patrycjagolba.xaa.pl\/wp-content\/uploads\/2026\/03\/bonus-do-800.webp 480w\" sizes=\"(max-width: 300px) 100vw, 300px\" \/><\/p>\n<p><strong>Do 400 z\u0142 na zakupy<\/strong><\/p>\n<p><span>Zarejestruj swoj\u0105 kart\u0119 do konta w programie Bezcenne Chwile, p\u0142a\u0107 kart\u0105, zgarnij nawet <strong>32 000 punkt\u00f3w powitalnych<\/strong> i wymie\u0144 je na nagrody.<\/span><\/p>\n<ul>\n<li><span><strong>16 000 punkt\u00f3w<\/strong> do wymiany, np. na e-vouchery o warto\u015bci 4 x 50 z\u0142 <strong>(\u0142\u0105cznie 200 z\u0142)<\/strong> uprawniaj\u0105ce do zakup\u00f3w u wybranych Partner\u00f3w Programu \u2013 je\u015bli w ci\u0105gu 30 dni od daty podpisania umowy o konto z kart\u0105 zarejestrujesz kart\u0119 w programie Bezcenne Chwile.<\/span><\/li>\n<li><span><strong>16 000 punkt\u00f3w<\/strong> do wymiany, np. na e-vouchery o warto\u015bci 4 x 50 z\u0142 <strong>(\u0142\u0105cznie 200 z\u0142)<\/strong> uprawniaj\u0105ce do zakup\u00f3w u wybranych Partner\u00f3w Programu \u2013 je\u015bli zarejestrujesz kart\u0119 w programie Bezcenne Chwile i w ci\u0105gu 60 dni od daty podpisania umowy o konto z kart\u0105 wykonasz min. 5 transakcji bezgot\u00f3wkowych na dowoln\u0105 kwot\u0119.<\/span><\/li>\n<\/ul>\n<p><span>Szczeg\u00f3\u0142y znajduj\u0105 si\u0119 w <span style=\"color: #ff0000;\">Regulaminie sprzeda\u017cy premiowej \u201eBezcenny Start\u201d<\/span>. Wniosek w ramach sprzeda\u017cy premiowej \u201eBezcenny Start\u201d mo\u017cesz z\u0142o\u017cy\u0107 od 16.06.2025 r. do do 31.10.2025 r.<\/span><\/p>\n","protected":false},"excerpt":{"rendered":"<p>Poni\u017cej zamie\u015bci\u0142am warunki jakie musisz spe\u0142ni\u0107, aby otrzyma\u0107 bonusy z niekt\u00f3rych bank\u00f3w, w kt\u00f3rych za\u0142o\u017cyli\u015bcie konta. Warunki s\u0105 bardzo proste do spe\u0142nienia. Szkoda by by\u0142o z nich nie skorzysta\u0107, skoro masz ju\u017c za\u0142o\u017cone te konta Je\u015bli chodzi o przelewy, mo\u017ce to by\u0107 przelew z konta na konto cho\u0107by na chwil\u0119.<a class=\"moretag\" href=\"https:\/\/patrycjagolba.xaa.pl\/index.php\/etap-3-bonus-od-bankow\/\"> Read more<\/a><\/p>\n","protected":false},"author":1,"featured_media":0,"parent":0,"menu_order":0,"comment_status":"closed","ping_status":"closed","template":"","meta":{"footnotes":""},"class_list":["post-144","page","type-page","status-publish","hentry"],"_links":{"self":[{"href":"https:\/\/patrycjagolba.xaa.pl\/index.php\/wp-json\/wp\/v2\/pages\/144","targetHints":{"allow":["GET"]}}],"collection":[{"href":"https:\/\/patrycjagolba.xaa.pl\/index.php\/wp-json\/wp\/v2\/pages"}],"about":[{"href":"https:\/\/patrycjagolba.xaa.pl\/index.php\/wp-json\/wp\/v2\/types\/page"}],"author":[{"embeddable":true,"href":"https:\/\/patrycjagolba.xaa.pl\/index.php\/wp-json\/wp\/v2\/users\/1"}],"replies":[{"embeddable":true,"href":"https:\/\/patrycjagolba.xaa.pl\/index.php\/wp-json\/wp\/v2\/comments?post=144"}],"version-history":[{"count":1,"href":"https:\/\/patrycjagolba.xaa.pl\/index.php\/wp-json\/wp\/v2\/pages\/144\/revisions"}],"predecessor-version":[{"id":146,"href":"https:\/\/patrycjagolba.xaa.pl\/index.php\/wp-json\/wp\/v2\/pages\/144\/revisions\/146"}],"wp:attachment":[{"href":"https:\/\/patrycjagolba.xaa.pl\/index.php\/wp-json\/wp\/v2\/media?parent=144"}],"curies":[{"name":"wp","href":"https:\/\/api.w.org\/{rel}","templated":true}]}}